{"id":16,"date":"2026-01-27T23:24:44","date_gmt":"2026-01-27T22:24:44","guid":{"rendered":"https:\/\/www.andre-torre.com\/?page_id=16"},"modified":"2026-01-27T23:24:44","modified_gmt":"2026-01-27T22:24:44","slug":"c-v","status":"publish","type":"page","link":"https:\/\/www.andre-torre.com\/?page_id=16","title":{"rendered":"C.V."},"content":{"rendered":"\n<h2><strong>Curriculum vitae<\/strong><\/h2>\n\n\n\n<div class=\"wp-block-media-text alignwide is-stacked-on-mobile\" style=\"grid-template-columns:30% auto\"><figure class=\"wp-block-media-text__media\"><img loading=\"lazy\" width=\"442\" height=\"413\" src=\"https:\/\/www.andre-torre.com\/wp-content\/uploads\/2024\/02\/AndreTorreCVEN.png\" alt=\"\" class=\"wp-image-17 size-full\" srcset=\"https:\/\/www.andre-torre.com\/wp-content\/uploads\/2024\/02\/AndreTorreCVEN.png 442w, https:\/\/www.andre-torre.com\/wp-content\/uploads\/2024\/02\/AndreTorreCVEN-300x280.png 300w\" sizes=\"(max-width: 442px) 100vw, 442px\" \/><\/figure><div class=\"wp-block-media-text__content\">\n<p>TORRE Andr\u00e9, born 1<sup>st<\/sup> June 1957 in Algiers (ALGERIA)<br><a href=\"mailto:andre.torre.2@inrae.fr\">andre.torre.2@inrae.fr<\/a><br>Orcid: 0000-0001-5644-7520<br>H index: 60 (Google scholar), 26 (Scopus)<\/p>\n\n\n\n<p><\/p>\n\n\n\n<p>Holder of the Sporck Chair in Geography 2025-2026, University of Liege<\/p>\n\n\n\n<p>Top 0.5% of all scholars worldwide&nbsp;(ScholarGPS)<\/p>\n\n\n\n<p>Fellow of the Regional Science Association International<br>Member of Academia Europaea, the Academy of Europe <br>Member of the French Academy of Agriculture<\/p>\n<\/div><\/div>\n\n\n\n<p>Andr\u00e9 Torre is a Distinguished Professor of Economics, University Paris-Saclay, INRAE, AgroParistech. His research was for a long time at the cross roads of spatial and industrial economics. It has now become more multi-disciplinary and increasingly focused on questions related to territorial development processes and land use planning. He has published several articles and 25 books, mostly on issues related to spatial coordination between people or groups of people. <\/p>\n\n\n\n<p>His research currently focuses on the analysis of proximity relations and on their importance in processes of territorial development. It centers on three main areas: local interactions between innovative firms and organizations; land use, urban-rural and political conflicts; local dimensions of circular economy.<\/p>\n\n\n\n<h2><strong>1) DIPLOMA<\/strong><\/h2>\n\n\n\n<p>&#8211;&nbsp;<em>Habilitation \u00e0 Diriger les Travaux de Recherches<\/em>, Sept. 1988, University Nice Sophia Antipolis (<em>HB<\/em>)<br>&#8211; <em>Doctorat de Sciences Economiques &#8211; <\/em>June 1985, University Nice Sophia Antipolis (<em>PHD<\/em>)<\/p>\n\n\n\n<h2><strong>2) CAREER<\/strong><\/h2>\n\n\n\n<p>&#8211; Jan. 2023 &#8211; current: <em>Research Professor<\/em>, Distinguished, University Paris-Saclay, INRAE ACT division, UMR SAD-APT, AgroParistech<br>&#8211;&nbsp;Feb. 2008&nbsp;\u2013 Dec. 2022: <em>Research Professor<\/em>, 1<sup>st<\/sup> class, University Paris-Saclay, INRAE ACT division, UMR SAD-APT, AgroParistech<br>&#8211; Oct. 1994 \u2013 Feb. 2008: <em>Research Professor<\/em>, 2<sup>nd<\/sup> class, INRA SAD division: UR LRDE Corte (Oct. 1994 -Sept.&nbsp;1997), then UMR SAD-APT, AgroParistech<br>&#8211; Oct. 1987 &#8211; Oct. 1994: <em>Assistant Research Professor<\/em> at CNRS, University Nice Sophia-Antipolis (UMR LATAPSES)<br>&#8211; Oct. 1986 &#8211; Oct. 1987: <em>Contract researcher<\/em> at CNRS (UMR LATAPSES, Sophia-Antipolis)<br>&#8211; Oct. 1985 &#8211; Oct. 1986: <em>Assistant Professor<\/em> at University Nice Sophia-Antipolis<br>&#8211; Oct. 1982 &#8211; Oct. 1985: <em>Lecturer<\/em> at University Nice Sophia-Antipolis<br>&#8211; Jan. 2009 \u2013 Jan. 2010: <em>External collaborator<\/em> to DATAR (D\u00e9l\u00e9gation \u00e0 l&rsquo;Am\u00e9nagement du Territoire et \u00e0 l&rsquo;Action R\u00e9gionale, French Ministry of Am\u00e9nagement du Territoire)<\/p>\n\n\n\n<h2><strong>3) MANAGEMENT OF RESEARCH ACTIVITIES<\/strong><\/h2>\n\n\n\n<p><strong>3.1. President of INRAE Centre of Corsica <\/strong>(2021 &#8211; onward)<\/p>\n\n\n\n<p><strong>3.2. President of the COFECUB: Committee for scientific relations between France and Brazil <\/strong>(2021 &#8211; 2025)<\/p>\n\n\n\n<p><strong>3.3. President of ERSA (European Regional Science Association)<\/strong> (2019 &#8211; 2023)<\/p>\n\n\n\n<p><strong>3.4. National Head of PSDR 3 &amp; 4 Programs (Pour et Sur le D\u00e9veloppement R\u00e9gional) <\/strong>(2008 \u2013 2020)<\/p>\n\n\n\n<p><strong>3.5. Head of the Maison des Sciences de l\u2019Homme, MSH, University Paris-Saclay<\/strong> (2018 \u2013 2019)<\/p>\n\n\n\n<p><strong>3.6. President of ASRDLF (French Speaking Association of Regional Science) <\/strong>(2009 &#8211; 2011)<\/p>\n\n\n\n<p><strong>3.7. Management of Research teams<\/strong><\/p>\n\n\n\n<p>&#8211;&nbsp;2006 &#8211; 2015: manager of <em>Proximit\u00e9s <\/em>team, UMR SAD-APT<br>&#8211;&nbsp;2005 &#8211; 2014: deputy head of <em>UMR SAD-APT<\/em> (INRA SAD \u2013 AgroParistech) <br>&#8211;&nbsp;2007- 2008: deputy head of Grenoble<em> PSDR<\/em> team<\/p>\n\n\n\n<h2><strong>4) EDITORIAL RESPONSABILITIES<\/strong><\/h2>\n\n\n\n<p>&#8211; 2011 \u2013 onward: Managing editor of <em>Revue d\u2019Economie R\u00e9gionale et Urbaine \/ Journal of Regional and Urban Economics<\/em><br>&#8211; Member of the scientific committee of the Journals: <em>Asian Journal of Regional Science; Economie Rurale ; EyesReg ; G\u00e9ographie, Economie, Soci\u00e9t\u00e9 ; Geography Journal ; Indian Journal of Regional Science ; Journal for Spatial and Organizational Dynamics; Letters in Spatial and Resource Sciences : Open Environmental Journal ; Revue d\u2019Economie R\u00e9gionale et Urbaine ; REGION ; Territoires du Futur ; Spatial Economics ; Studia Regionalia ; Urban Planning.<\/em><\/p>\n\n\n\n<h2><strong>5) MANAGEMENT OF RESEARCH PROGRAMS<\/strong><\/h2>\n\n\n\n<p>&#8211; 2022 \u2013 2026:<em> IN SITU (Place-based innovation of cultural and creative industries in non-urban areas<\/em>), Horizon Europe, European Union (managing WP5)<br><em>&#8211;<\/em>&nbsp;2020 &#8211; 2023: <em>DESIRA (Digitisation; Economic and Social Impacts in Rural Areas), <\/em>Horizon 2020, European Union (managing WP4)<br><em>&#8211;<\/em>&nbsp;2013 &#8211; 2017: <em>TASTE (Towards a Smart Rural Europe), <\/em>ERA-NET Ruragri, FP 7, European Union (Main coordinator)<br><strong>&#8211;<\/strong>&nbsp;2006 \u2013 2009: <em>COVER (Conflits d\u2019usage et de Voisinage dans les Espaces Ruraux et p\u00e9riurbains), <\/em>ADD Program (Main Coordinator)<br><strong>&#8211;<\/strong>&nbsp;2005 \u2013 2008: <em>ANDYCOTE (Analyse des Dynamiques Conflictuelles dans les Territoires fran\u00e7ais), <\/em>ANR (Main Coordinator)<\/p>\n\n\n\n<h2><strong>6) ORGANISATION OF SCIENTIFIC EVENTS<\/strong><\/h2>\n\n\n\n<p>&#8211; 2017 &#8211; current<em>: University sessions of the European Week of Regions and Cities (EWRC), <\/em>EU<em>, <\/em>Brussels<br>&#8211; 2021: <em>Territorial Futures \u2013 Visions and scenarios for a resilient Europe<\/em>, 60th ERSA Congress (Online)<br>&#8211; 2020: <em>Transitions pour le d\u00e9veloppement des territoires, Connaissances et pratiques innovantes pour des mod\u00e8les agricoles et alimentaires r\u00e9silients<\/em>, Symposium final PSDR4, INRAE, Online<br>&#8211; 2017: Workshop F<em>uture paths for a smart rural Europe? <\/em>AgroParisTech, Paris.<br>&#8211; 2013: Colloque<em> SFER Circuits Courts de Proximit\u00e9s,<\/em> AgroParisTech, Paris<br>&#8211; 2012: Workshop <em>Do Rural Regions count?<\/em> AgroParisTech, Paris<br>&#8211; 2012: <em>Les chemins du d\u00e9veloppement territorial<\/em>, Symposium final INRA \u2013 PSDR, Clermont-Ferrand<br>&#8211; 2011: Workshop<em> Proximity and Regional Development<\/em>, AgroParisTech, Paris<br>&#8211; 2007: <em>Local governance and sustainable development<\/em>, 47th ERSA Congress, Paris (France)<br>&#8211; 2004: <em>Proximity Congress<\/em>, University Paris-South, Paris<br>&#8211; <em>INRAE<\/em> <em>Summer Schools<\/em>: 2016: <em>Le D\u00e9veloppement territorial sous tous ses Aspet(s)!<\/em> (Aspet); 2010: <em>Chemins de recherches partenariales et interdisciplinaires<\/em> (Carcans): 2004: <em>Science juridique: Contributions aux probl\u00e9matiques de l\u2019INRA<\/em> (Paris); 1999&nbsp;: <em>Economie Spatiale et R\u00e9gionale, Applications \u00e0 l\u2019Agriculture, l\u2019Agro-alimentaire et l\u2019Espace Rural<\/em> Le Croisic)&nbsp;<\/p>\n\n\n\n<h2><strong>Selection of recent publications<\/strong><\/h2>\n\n\n\n<p><em>Articles<\/em><\/p>\n\n\n\n<p>Fern\u00e1ndez Garc\u00eda, T., Gutierrez-Posada, D., Rubiera Moroll\u00f3n, F., Torre, A., 2025, Libert\u00e9, \u00c9galit\u00e9, Fraternit\u00e9? The role of spatial inequalities in understanding the determinants of the populist vote in the 2022 French presidential election, <em>Spatial Economic Analysis<\/em>,<\/p>\n\n\n\n<p><a href=\"https:\/\/www.tandfonline.com\/action\/showCitFormats?doi=10.1080\/17421772.2025.2517698\">https:\/\/www.tandfonline.com\/action\/showCitFormats?doi=10.1080\/17421772.2025.2517698<\/a><\/p>\n\n\n\n<p>Bellandi, M., De Propris, L., Torre, A., 2025, From Marshall\u2019s external economies to external economies of transformation in contemporary industrial spaces, <em>Cambridge Journal of Economics<\/em>, <a href=\"https:\/\/doi.org\/10.1093\/cje\/beaf011\">https:\/\/doorg\/10.1093\/cje\/beaf011<\/a><\/p>\n\n\n\n<p>Torre, A., 2025, New proximities during and after the Covid 19 pandemic, <em>Regional Science Policy &amp; Practice<\/em>, 17, 8, doi.org\/10.1016\/j.rspp.2025.100199.<\/p>\n\n\n\n<p>Torre, A., 2025, Territorial development: towards a dynamic and innovative understanding. <em>Regional Studies<\/em>, 1\u20135. https:\/\/doi.org\/10.1080\/00343404.2025.2465657<\/p>\n\n\n\n<p><\/p>\n\n\n\n<p>Torre, A., Bourdin, S., Dermine-Brullot, S., Jambou, M., 2025, Implementing industrial and territorial ecology: The role of proximity and intermediaries in three French case studies, <em>Journal of Industrial Ecology<\/em>, https:\/\/doi.org\/10.1111\/jiec.13598<\/p>\n\n\n\n<p>Fernandez Garc\u00eda, T., Torre, A., Rubiera Moroll\u00f3n, F., 2024, We\u2019ll always have Paris? Spatial inequalities and the rise of political discontent in the metropolitan region of Paris, <em>Regional Science Policy &amp; Practice<\/em>, DOI: \/10.1016\/j.rspp.2024.100157<\/p>\n\n\n\n<p>Bourdin S., Torre A., 2025, Economic geography\u2019s contribution to understanding the circular economy, <em>Journal of Economic Geography<\/em>, 25, 2, 293\u2013308. Doi\/10.1093\/jeg\/lbae040<\/p>\n\n\n\n<p><a>Arfaoui N., Bourdin S., Torre A., Vernier M-F.&amp; <\/a>Vo L-C., 2024, Geographical and organised proximities influencing circular economy practices : the closer partners, the better ? <em>Regional Studies<\/em>, 58(12), 2485\u20132500. DOI: 10.1080\/00343404.2024.2406232<\/p>\n\n\n\n<p>Chembessi, C., Bourdin, S., Torre, A. 2024, Towards a territorialisation of the circular economy: the proximity of stakeholders and resources matters, <em>Cambridge Journal of Regions, Economy and Society<\/em>, https:\/\/doi.org\/10.1093\/cjres\/rsae007<\/p>\n\n\n\n<p>Torre, A., 2023, Contribution to the theory of Territorial development &#8211; A territorial innovation approach; <em>Regional Studies<\/em>. Doi: 10.1080\/00343404.2023.2193218<\/p>\n\n\n\n<p>Niang, A., Bourdin, S., Torre, A., 2023, The geography of circular economy: job creation, territorial embeddedness and local public policies, <em>Journal of Environmental Planning and Management<\/em>, Doi: 10.1080\/09640568.2023.2210749<\/p>\n\n\n\n<p>Torre, A., Wallet, F., Huang, J., 2023, A collaborative and multidisciplinary approach to knowledge-based rural development: 25 years of the PSDR program in France, <em>Journal of Rural Studies<\/em>, 97, 428-437. DOI: 10.1016\/j.jrurstud.2022.12.034<\/p>\n\n\n\n<p>Torre, A., Fonseca, B., 2023, Conflict and oppositions in the development of peri\u2010urban agriculture: The case of the Greater S\u00e3o Paulo region, <em>Sociologia Ruralis<\/em>, DOI:10.1111\/soru.12375<\/p>\n\n\n\n<p>Bourdin S., Torre A., 2022, Geography of Contestation: A Study on the Yellow Vest Movement and the Rise of Populism in France, <em>Journal of Regional Science<\/em>, DOI: 10.1111\/jors.12620<\/p>\n\n\n\n<p>Niang A., Torre A., Bourdin B., 2022, How do local actors coordinate to implement a successful biogas project? <em>Environmental Science &amp; Policy<\/em>, 136, October, 337-347. doi.org\/10.1016\/j.envsci.2022.06.019<\/p>\n\n\n\n<p>Jambou M., Torre A., Dermine-Brullot S., Bourdin S., 2022, Inter-firm cooperation and local industrial ecology processes: evidence from three French case studies, <em>The Annals of Regional Science<\/em>, 68, 331-358. DOI: 10.1007\/s00168-021-01088-5<\/p>\n\n\n\n<p>Magsi H., Sabir M., Torre A., Chandio A.A., 2022, Management practices to minimize land use conflicts on large infrastructure projects: examples of dams\u2019 construction in Pakistan, <em>GeoJournal<\/em>, DOI: 10.1007\/s10708-021-10532-0<\/p>\n\n\n\n<p>Pumain D., Torre A., 2020, Regional science: economy and geography in France and French-speaking countries, <em>Papers in Regional Science<\/em>, 99:293\u2013313. DOI: 10.1111\/pirs.12513<\/p>\n\n\n\n<p>Bustos Gallardo B., Lukas M., Stamm C., Torre A., 2019, Neoliberalismo y gobernanza territorial: propuestas y reflexiones a partir del caso de Chile, <em>Revista de geograf\u00eda Norte Grande<\/em>, Sept. DOI: 10.4067\/S0718-34022019000200161<\/p>\n\n\n\n<p><em>Books<\/em><\/p>\n\n\n\n<p>Torre A., Gallaud D. (eds.), 2022, <em>Handbook of Proximity relations<\/em>, Edward Elgar, Cheltenham, 496p.<\/p>\n\n\n\n<p>Torre A., Corsi S., Steiner M., Wallet F. Westlund H. (eds.), 2020, <em>Smart development for rural areas<\/em>, Routledge, 226p.<\/p>\n\n\n\n<p>Torre A., Wallet F., 2016, <em>Regional Development in Rural Areas. Analytical tools and Public policies<\/em>, Springer Briefs in Regional Science, Springer, 110 p.<\/p>\n\n\n\n<p><\/p>\n","protected":false},"excerpt":{"rendered":"<p>Curriculum vitae TORRE Andr\u00e9, born 1st June 1957 in Algiers (ALGERIA)andre.torre.2@inrae.frOrcid: 0000-0001-5644-7520H index: 60 (Google scholar), 26 (Scopus) Holder of the Sporck Chair in Geography 2025-2026, University of Liege Top 0.5% of all scholars worldwide&nbsp;(ScholarGPS) Fellow of the Regional Science&#8230; <a class=\"more-link\" href=\"https:\/\/www.andre-torre.com\/?page_id=16\">Continue Reading &rarr;<\/a><\/p>\n","protected":false},"author":1,"featured_media":0,"parent":0,"menu_order":0,"comment_status":"closed","ping_status":"closed","template":"","meta":[],"_links":{"self":[{"href":"https:\/\/www.andre-torre.com\/index.php?rest_route=\/wp\/v2\/pages\/16"}],"collection":[{"href":"https:\/\/www.andre-torre.com\/index.php?rest_route=\/wp\/v2\/pages"}],"about":[{"href":"https:\/\/www.andre-torre.com\/index.php?rest_route=\/wp\/v2\/types\/page"}],"author":[{"embeddable":true,"href":"https:\/\/www.andre-torre.com\/index.php?rest_route=\/wp\/v2\/users\/1"}],"replies":[{"embeddable":true,"href":"https:\/\/www.andre-torre.com\/index.php?rest_route=%2Fwp%2Fv2%2Fcomments&post=16"}],"version-history":[{"count":12,"href":"https:\/\/www.andre-torre.com\/index.php?rest_route=\/wp\/v2\/pages\/16\/revisions"}],"predecessor-version":[{"id":228,"href":"https:\/\/www.andre-torre.com\/index.php?rest_route=\/wp\/v2\/pages\/16\/revisions\/228"}],"wp:attachment":[{"href":"https:\/\/www.andre-torre.com\/index.php?rest_route=%2Fwp%2Fv2%2Fmedia&parent=16"}],"curies":[{"name":"wp","href":"https:\/\/api.w.org\/{rel}","templated":true}]}}